{"id":1133,"date":"2020-08-20T04:01:52","date_gmt":"2020-08-20T04:01:52","guid":{"rendered":"http:\/\/ninzio.com\/byron\/?page_id=1133"},"modified":"2024-05-27T07:48:17","modified_gmt":"2024-05-27T10:48:17","slug":"quem-somos","status":"publish","type":"page","link":"https:\/\/mhxdobrasilconcretos.com.br\/?page_id=1133","title":{"rendered":"Quem Somos"},"content":{"rendered":"\t\t<div data-elementor-type=\"wp-page\" data-elementor-id=\"1133\" class=\"elementor elementor-1133\" data-elementor-post-type=\"page\">\n\t\t\t\t\t\t<section class=\"elementor-section elementor-top-section elementor-element elementor-element-cd5ad33 elementor-section-boxed elementor-section-height-default elementor-section-height-default\" data-id=\"cd5ad33\" data-element_type=\"section\">\n\t\t\t\t\t\t<div class=\"elementor-container elementor-column-gap-default\">\n\t\t\t\t\t<div class=\"elementor-column elementor-col-100 elementor-top-column elementor-element elementor-element-7ebbcbd\" data-id=\"7ebbcbd\" data-element_type=\"column\">\n\t\t\t<div class=\"elementor-widget-wrap elementor-element-populated\">\n\t\t\t\t\t\t<div class=\"elementor-element elementor-element-9ab3325 elementor-widget elementor-widget-spacer\" data-id=\"9ab3325\" data-element_type=\"widget\" data-widget_type=\"spacer.default\">\n\t\t\t\t<div class=\"elementor-widget-container\">\n\t\t\t<style>\/*! elementor - v3.21.0 - 20-05-2024 *\/\n.elementor-column .elementor-spacer-inner{height:var(--spacer-size)}.e-con{--container-widget-width:100%}.e-con-inner>.elementor-widget-spacer,.e-con>.elementor-widget-spacer{width:var(--container-widget-width,var(--spacer-size));--align-self:var(--container-widget-align-self,initial);--flex-shrink:0}.e-con-inner>.elementor-widget-spacer>.elementor-widget-container,.e-con>.elementor-widget-spacer>.elementor-widget-container{height:100%;width:100%}.e-con-inner>.elementor-widget-spacer>.elementor-widget-container>.elementor-spacer,.e-con>.elementor-widget-spacer>.elementor-widget-container>.elementor-spacer{height:100%}.e-con-inner>.elementor-widget-spacer>.elementor-widget-container>.elementor-spacer>.elementor-spacer-inner,.e-con>.elementor-widget-spacer>.elementor-widget-container>.elementor-spacer>.elementor-spacer-inner{height:var(--container-widget-height,var(--spacer-size))}.e-con-inner>.elementor-widget-spacer.elementor-widget-empty,.e-con>.elementor-widget-spacer.elementor-widget-empty{position:relative;min-height:22px;min-width:22px}.e-con-inner>.elementor-widget-spacer.elementor-widget-empty .elementor-widget-empty-icon,.e-con>.elementor-widget-spacer.elementor-widget-empty .elementor-widget-empty-icon{position:absolute;top:0;bottom:0;left:0;right:0;margin:auto;padding:0;width:22px;height:22px}<\/style>\t\t<div class=\"elementor-spacer\">\n\t\t\t<div class=\"elementor-spacer-inner\"><\/div>\n\t\t<\/div>\n\t\t\t\t<\/div>\n\t\t\t\t<\/div>\n\t\t\t\t\t<\/div>\n\t\t<\/div>\n\t\t\t\t\t<\/div>\n\t\t<\/section>\n\t\t\t\t<section class=\"elementor-section elementor-top-section elementor-element elementor-element-2674014 elementor-section-content-middle elementor-section-boxed elementor-section-height-default elementor-section-height-default\" data-id=\"2674014\" data-element_type=\"section\">\n\t\t\t\t\t\t<div class=\"elementor-container elementor-column-gap-extended\">\n\t\t\t\t\t<div class=\"elementor-column elementor-col-50 elementor-top-column elementor-element elementor-element-c770cef\" data-id=\"c770cef\" data-element_type=\"column\">\n\t\t\t<div class=\"elementor-widget-wrap elementor-element-populated\">\n\t\t\t\t\t\t<div class=\"elementor-element elementor-element-336698e elementor-widget__width-initial align-left elementor-widget elementor-widget-mae-headings\" data-id=\"336698e\" data-element_type=\"widget\" data-widget_type=\"mae-headings.default\">\n\t\t\t\t<div class=\"elementor-widget-container\">\n\t\t\t\t\t<div class=\"master-heading\">\n\t        \n\t        \t        <h2 class=\"main-heading\">Quem Somos<\/h2>\n\t        \n\t        \t        <div class=\"divider\"><\/div>\n\t        \n\t        \t            <div class=\"sub-heading\">\nA MHX do Brasil Construtora iniciou suas atividades em abril de mil novecentos e noventa e nove, fundada pelo meu pai, um experiente profissional da constru\u00e7\u00e3o civil. Desde ent\u00e3o, ele tem compartilhado seu vasto conhecimento conosco, transmitindo a paix\u00e3o e a expertise que fizeram da MHX uma refer\u00eancia em obras de alto padr\u00e3o.\n\nAo longo dos \u00faltimos vinte e cinco anos, seguimos firmes no compromisso com a qualidade e a inova\u00e7\u00e3o, crescendo e diversificando nossas atividades. Em dois mil e vinte e quatro, expandimos nossa atua\u00e7\u00e3o e passamos a fabricar artefatos de concreto, incluindo uma nova linha de casas pr\u00e9-moldadas em concreto.\n\nNa MHX do Brasil, acreditamos que construir \u00e9 mais do que erguer edifica\u00e7\u00f5es; \u00e9 realizar sonhos e transformar realidades. Continuamos dedicados a oferecer excel\u00eancia em cada projeto, sustentados pela experi\u00eancia e dedica\u00e7\u00e3o de duas gera\u00e7\u00f5es apaixonadas pelo setor da constru\u00e7\u00e3o\u00a0civil.<\/div>\n\t        \t    <\/div>\n\t    \t\t<\/div>\n\t\t\t\t<\/div>\n\t\t\t\t<div class=\"elementor-element elementor-element-8b58a54 elementor-widget elementor-widget-spacer\" data-id=\"8b58a54\" data-element_type=\"widget\" data-widget_type=\"spacer.default\">\n\t\t\t\t<div class=\"elementor-widget-container\">\n\t\t\t\t\t<div class=\"elementor-spacer\">\n\t\t\t<div class=\"elementor-spacer-inner\"><\/div>\n\t\t<\/div>\n\t\t\t\t<\/div>\n\t\t\t\t<\/div>\n\t\t\t\t<div class=\"elementor-element elementor-element-4ee441c elementor-widget elementor-widget-spacer\" data-id=\"4ee441c\" data-element_type=\"widget\" data-widget_type=\"spacer.default\">\n\t\t\t\t<div class=\"elementor-widget-container\">\n\t\t\t\t\t<div class=\"elementor-spacer\">\n\t\t\t<div class=\"elementor-spacer-inner\"><\/div>\n\t\t<\/div>\n\t\t\t\t<\/div>\n\t\t\t\t<\/div>\n\t\t\t\t\t<\/div>\n\t\t<\/div>\n\t\t\t\t<div class=\"elementor-column elementor-col-50 elementor-top-column elementor-element elementor-element-9a8be8f\" data-id=\"9a8be8f\" data-element_type=\"column\">\n\t\t\t<div class=\"elementor-widget-wrap elementor-element-populated\">\n\t\t\t\t\t\t<div class=\"elementor-element elementor-element-c23d503 elementor-widget elementor-widget-mae-parallax-image\" data-id=\"c23d503\" data-element_type=\"widget\" data-widget_type=\"mae-parallax-image.default\">\n\t\t\t\t<div class=\"elementor-widget-container\">\n\t\t\t\t\t<div class=\"master-parallax-box\">\n\t\t\t<div class=\"parallax-wrap\">\n\t\t\t\t\t\t\t\t\t<div class=\"master-parallax-item elementor-repeater-item-9e2ec66\" style=\"\" data-parallax='{\"x\" : -19, \"y\" : 0, \"smoothness\" : 30}' data-top=\"0px\"><img decoding=\"async\" src=\"https:\/\/mhxdobrasilconcretos.com.br\/wp-content\/uploads\/2024\/05\/Imagem-do-WhatsApp-de-2024-05-21-as-16.45.44_edaef9a6.jpg\" alt=\"\"><\/div>\t\t\t\t\t\t\t<\/div>\n\t\t<\/div>\n\t    \t\t<\/div>\n\t\t\t\t<\/div>\n\t\t\t\t\t<\/div>\n\t\t<\/div>\n\t\t\t\t\t<\/div>\n\t\t<\/section>\n\t\t\t\t<section class=\"elementor-section elementor-top-section elementor-element elementor-element-cc9b8e8 elementor-section-boxed elementor-section-height-default elementor-section-height-default\" data-id=\"cc9b8e8\" data-element_type=\"section\">\n\t\t\t\t\t\t<div class=\"elementor-container elementor-column-gap-default\">\n\t\t\t\t\t<div class=\"elementor-column elementor-col-100 elementor-top-column elementor-element elementor-element-b9a1bfc\" data-id=\"b9a1bfc\" data-element_type=\"column\">\n\t\t\t<div class=\"elementor-widget-wrap elementor-element-populated\">\n\t\t\t\t\t\t<div class=\"elementor-element elementor-element-2de59e9 elementor-widget elementor-widget-spacer\" data-id=\"2de59e9\" data-element_type=\"widget\" data-widget_type=\"spacer.default\">\n\t\t\t\t<div class=\"elementor-widget-container\">\n\t\t\t\t\t<div class=\"elementor-spacer\">\n\t\t\t<div class=\"elementor-spacer-inner\"><\/div>\n\t\t<\/div>\n\t\t\t\t<\/div>\n\t\t\t\t<\/div>\n\t\t\t\t<div class=\"elementor-element elementor-element-69e9593 align-center elementor-widget elementor-widget-mae-headings\" data-id=\"69e9593\" data-element_type=\"widget\" data-widget_type=\"mae-headings.default\">\n\t\t\t\t<div class=\"elementor-widget-container\">\n\t\t\t\t\t<div class=\"master-heading\">\n\t        \n\t        \t        <h2 class=\"main-heading\">MHX do Brasil Concretos<\/h2>\n\t        \n\t        \n\t        \t            <div class=\"sub-heading\">Temos o compromisso com nossos clientes, parceiros e a sociedade de oferecer os melhores servi\u00e7os, de acordo com crit\u00e9rios t\u00e9cnicos visando o beneficio ecol\u00f3gico e de qualidade.<\/div>\n\t        \t    <\/div>\n\t    \t\t<\/div>\n\t\t\t\t<\/div>\n\t\t\t\t<div class=\"elementor-element elementor-element-be5daa6 elementor-widget elementor-widget-spacer\" data-id=\"be5daa6\" data-element_type=\"widget\" data-widget_type=\"spacer.default\">\n\t\t\t\t<div class=\"elementor-widget-container\">\n\t\t\t\t\t<div class=\"elementor-spacer\">\n\t\t\t<div class=\"elementor-spacer-inner\"><\/div>\n\t\t<\/div>\n\t\t\t\t<\/div>\n\t\t\t\t<\/div>\n\t\t\t\t\t<\/div>\n\t\t<\/div>\n\t\t\t\t\t<\/div>\n\t\t<\/section>\n\t\t\t\t<section class=\"elementor-section elementor-inner-section elementor-element elementor-element-74eedaa6 elementor-section-content-middle elementor-section-boxed elementor-section-height-default elementor-section-height-default\" data-id=\"74eedaa6\" data-element_type=\"section\">\n\t\t\t\t\t\t<div class=\"elementor-container elementor-column-gap-extended\">\n\t\t\t\t\t<div class=\"elementor-column elementor-col-50 elementor-inner-column elementor-element elementor-element-40ef2cfd\" data-id=\"40ef2cfd\" data-element_type=\"column\">\n\t\t\t<div class=\"elementor-widget-wrap elementor-element-populated\">\n\t\t\t\t\t\t<div class=\"elementor-element elementor-element-10736a1f elementor-widget elementor-widget-mae-fancy-image\" data-id=\"10736a1f\" data-element_type=\"widget\" data-widget_type=\"mae-fancy-image.default\">\n\t\t\t\t<div class=\"elementor-widget-container\">\n\t\t\t\t\t\t<div class=\"master-fancy-image bg-top bg-top\" data-in-viewport=\"true\">\n\t\t\t\t<div class=\"master-fancy-image-inner\">\n\t\t\t\t\t<span class=\"master-fancy-image-bg\"><\/span>\n\n\t\t\t\t\t<div class=\"master-fancy-image-holder\">\n\t\t\t\t\t\t<img fetchpriority=\"high\" decoding=\"async\" width=\"1600\" height=\"1066\" src=\"https:\/\/mhxdobrasilconcretos.com.br\/wp-content\/uploads\/2024\/05\/Imagem-do-WhatsApp-de-2024-05-21-as-16.45.47_00299702-1.jpg\" class=\"attachment-full size-full wp-image-2269\" alt=\"\" srcset=\"https:\/\/mhxdobrasilconcretos.com.br\/wp-content\/uploads\/2024\/05\/Imagem-do-WhatsApp-de-2024-05-21-as-16.45.47_00299702-1.jpg 1600w, https:\/\/mhxdobrasilconcretos.com.br\/wp-content\/uploads\/2024\/05\/Imagem-do-WhatsApp-de-2024-05-21-as-16.45.47_00299702-1-300x200.jpg 300w, https:\/\/mhxdobrasilconcretos.com.br\/wp-content\/uploads\/2024\/05\/Imagem-do-WhatsApp-de-2024-05-21-as-16.45.47_00299702-1-1024x682.jpg 1024w, https:\/\/mhxdobrasilconcretos.com.br\/wp-content\/uploads\/2024\/05\/Imagem-do-WhatsApp-de-2024-05-21-as-16.45.47_00299702-1-768x512.jpg 768w, https:\/\/mhxdobrasilconcretos.com.br\/wp-content\/uploads\/2024\/05\/Imagem-do-WhatsApp-de-2024-05-21-as-16.45.47_00299702-1-1536x1023.jpg 1536w\" sizes=\"(max-width: 1600px) 100vw, 1600px\" \/>\n\t\t\t\t        \t\t\t\t\t<\/div>\n\t\t\t\t<\/div>\n\t\t    <\/div>\n\n\t    \t\t<\/div>\n\t\t\t\t<\/div>\n\t\t\t\t<div class=\"elementor-element elementor-element-9fc6b5f elementor-widget elementor-widget-spacer\" data-id=\"9fc6b5f\" data-element_type=\"widget\" data-widget_type=\"spacer.default\">\n\t\t\t\t<div class=\"elementor-widget-container\">\n\t\t\t\t\t<div class=\"elementor-spacer\">\n\t\t\t<div class=\"elementor-spacer-inner\"><\/div>\n\t\t<\/div>\n\t\t\t\t<\/div>\n\t\t\t\t<\/div>\n\t\t\t\t\t<\/div>\n\t\t<\/div>\n\t\t\t\t<div class=\"elementor-column elementor-col-50 elementor-inner-column elementor-element elementor-element-ed19ea3\" data-id=\"ed19ea3\" data-element_type=\"column\">\n\t\t\t<div class=\"elementor-widget-wrap elementor-element-populated\">\n\t\t\t\t\t\t<div class=\"elementor-element elementor-element-520f442e elementor-widget elementor-widget-mae-tabs\" data-id=\"520f442e\" data-element_type=\"widget\" data-widget_type=\"mae-tabs.default\">\n\t\t\t\t<div class=\"elementor-widget-container\">\n\t\t\t\n\t\t<div class=\"master-tabs\">\n\t\t\t\t\t\t<ul class=\"tab-link-wrap\">\n\t\t\t\t\t\t\t\t<li class=\"tab-link\" data-tab=\"tab-1410\">Miss\u00e3o<\/li>\n\t\t\t\t\t\t\t\t<li class=\"tab-link\" data-tab=\"tab-2410\">Vis\u00e3o<\/li>\n\t\t\t\t\t\t\t\t<li class=\"tab-link\" data-tab=\"tab-3410\">Valores<\/li>\n\t\t\t\t\t\t\t<\/ul>\n\t\t\t\n\t\t\t<div class=\"tab-content-wrap\">\n\t\t\t\t\t\t\t\t<div id=\"tab-1410\" class=\"tab-content\">\n\t\t\t\t\t<p>Nossa miss\u00e3o \u00e9 transformar realidades e realizar sonhos por meio da constru\u00e7\u00e3o de obras de alto padr\u00e3o e da fabrica\u00e7\u00e3o de artefatos de concreto. Comprometemo-nos a entregar qualidade e excel\u00eancia em cada projeto, sempre inovando e respeitando os prazos acordados.<\/p>\t\t\t\t<\/div>\n\t\t\t\t\t\t\t\t<div id=\"tab-2410\" class=\"tab-content\">\n\t\t\t\t\t<p>Ser a refer\u00eancia nacional em constru\u00e7\u00e3o civil e fabrica\u00e7\u00e3o de artefatos de concreto, reconhecida pela nossa capacidade de inova\u00e7\u00e3o, cumprimento de prazos e entrega de projetos de alta qualidade. Aspiramos a estabelecer novos padr\u00f5es de efici\u00eancia e sustentabilidade no mercado.<\/p>\t\t\t\t<\/div>\n\t\t\t\t\t\t\t\t<div id=\"tab-3410\" class=\"tab-content\">\n\t\t\t\t\t<p>Na MHX do Brasil Concretos, nossos valores fundamentais s\u00e3o:<\/p><p><strong>- Honestidade<\/strong>: Atuar com integridade e transpar\u00eancia em todas as nossas atividades.<\/p><p><br \/><strong>- Compromisso e Comprometimento:<\/strong> Dedicar-nos profundamente a cada projeto, garantindo a satisfa\u00e7\u00e3o dos nossos clientes.<\/p><p><br \/><strong>- Responsabilidade:<\/strong> Priorizar a seguran\u00e7a e a sustentabilidade em todas as nossas a\u00e7\u00f5es.<\/p><p><br \/><strong>- Cumprimento de prazos:<\/strong> Respeitar os cronogramas e garantir entregas dentro do prazo.<\/p><p><br \/><strong>- Atitude:<\/strong> Adotar uma postura proativa e determinada, reconhecendo que a atitude \u00e9 essencial para superar desafios e alcan\u00e7ar o sucesso. Habilidades e compet\u00eancias s\u00e3o adquiridas com o tempo, mas a atitude nos impulsiona a alcan\u00e7ar nossos\u00a0objetivos.<\/p>\t\t\t\t<\/div>\n\t\t\t\t\t\t\t<\/div>\n\t    <\/div>\n\n\t    \t\t<\/div>\n\t\t\t\t<\/div>\n\t\t\t\t\t<\/div>\n\t\t<\/div>\n\t\t\t\t\t<\/div>\n\t\t<\/section>\n\t\t\t\t<section class=\"elementor-section elementor-top-section elementor-element elementor-element-2fb87e0c elementor-section-stretched elementor-section-full_width elementor-section-height-default elementor-section-height-default\" data-id=\"2fb87e0c\" data-element_type=\"section\" data-settings=\"{&quot;stretch_section&quot;:&quot;section-stretched&quot;,&quot;background_background&quot;:&quot;classic&quot;}\">\n\t\t\t\t\t\t\t<div class=\"elementor-background-overlay\"><\/div>\n\t\t\t\t\t\t\t<div class=\"elementor-container elementor-column-gap-default\">\n\t\t\t\t\t<div class=\"elementor-column elementor-col-100 elementor-top-column elementor-element elementor-element-36016d38\" data-id=\"36016d38\" data-element_type=\"column\">\n\t\t\t<div class=\"elementor-widget-wrap elementor-element-populated\">\n\t\t\t\t\t\t<div class=\"elementor-element elementor-element-28f7e551 elementor-widget elementor-widget-spacer\" data-id=\"28f7e551\" data-element_type=\"widget\" data-widget_type=\"spacer.default\">\n\t\t\t\t<div class=\"elementor-widget-container\">\n\t\t\t\t\t<div class=\"elementor-spacer\">\n\t\t\t<div class=\"elementor-spacer-inner\"><\/div>\n\t\t<\/div>\n\t\t\t\t<\/div>\n\t\t\t\t<\/div>\n\t\t\t\t<div class=\"elementor-element elementor-element-4e5ac956 align-center elementor-widget elementor-widget-mae-headings\" data-id=\"4e5ac956\" data-element_type=\"widget\" data-widget_type=\"mae-headings.default\">\n\t\t\t\t<div class=\"elementor-widget-container\">\n\t\t\t\t\t<div class=\"master-heading\">\n\t        \n\t        \t        <h2 class=\"main-heading\">Fale agora com nosso nosso time de especialistas, estamos prontos para ajuda-lo com seu projeto!<\/h2>\n\t        \n\t        \n\t        \t    <\/div>\n\t    \t\t<\/div>\n\t\t\t\t<\/div>\n\t\t\t\t<div class=\"elementor-element elementor-element-144d982d elementor-align-center elementor-widget elementor-widget-button\" data-id=\"144d982d\" data-element_type=\"widget\" data-widget_type=\"button.default\">\n\t\t\t\t<div class=\"elementor-widget-container\">\n\t\t\t\t\t<div class=\"elementor-button-wrapper\">\n\t\t\t<a class=\"elementor-button elementor-button-link elementor-size-sm\" href=\"https:\/\/wa.me\/5551995109504?text=Ol%C3%A1%2C+gostaria+de+um+or%C3%A7amento%21\" target=\"_blank\">\n\t\t\t\t\t\t<span class=\"elementor-button-content-wrapper\">\n\t\t\t\t\t\t\t\t\t<span class=\"elementor-button-text\">FALE COM UM ESPECIALISTA<\/span>\n\t\t\t\t\t<\/span>\n\t\t\t\t\t<\/a>\n\t\t<\/div>\n\t\t\t\t<\/div>\n\t\t\t\t<\/div>\n\t\t\t\t<div class=\"elementor-element elementor-element-6ca6d622 elementor-widget elementor-widget-spacer\" data-id=\"6ca6d622\" data-element_type=\"widget\" data-widget_type=\"spacer.default\">\n\t\t\t\t<div class=\"elementor-widget-container\">\n\t\t\t\t\t<div class=\"elementor-spacer\">\n\t\t\t<div class=\"elementor-spacer-inner\"><\/div>\n\t\t<\/div>\n\t\t\t\t<\/div>\n\t\t\t\t<\/div>\n\t\t\t\t\t<\/div>\n\t\t<\/div>\n\t\t\t\t\t<\/div>\n\t\t<\/section>\n\t\t\t\t<\/div>\n\t\t","protected":false},"excerpt":{"rendered":"<p>Quem Somos A MHX do Brasil Construtora iniciou suas atividades em abril de mil novecentos e noventa e nove, fundada pelo meu pai, um experiente profissional da constru\u00e7\u00e3o civil. Desde ent\u00e3o, ele tem compartilhado seu vasto conhecimento conosco, transmitindo a paix\u00e3o e a expertise que fizeram da<\/p>\n","protected":false},"author":1,"featured_media":0,"parent":0,"menu_order":0,"comment_status":"closed","ping_status":"closed","template":"","meta":{"footnotes":""},"class_list":["post-1133","page","type-page","status-publish","hentry"],"_links":{"self":[{"href":"https:\/\/mhxdobrasilconcretos.com.br\/index.php?rest_route=\/wp\/v2\/pages\/1133","targetHints":{"allow":["GET"]}}],"collection":[{"href":"https:\/\/mhxdobrasilconcretos.com.br\/index.php?rest_route=\/wp\/v2\/pages"}],"about":[{"href":"https:\/\/mhxdobrasilconcretos.com.br\/index.php?rest_route=\/wp\/v2\/types\/page"}],"author":[{"embeddable":true,"href":"https:\/\/mhxdobrasilconcretos.com.br\/index.php?rest_route=\/wp\/v2\/users\/1"}],"replies":[{"embeddable":true,"href":"https:\/\/mhxdobrasilconcretos.com.br\/index.php?rest_route=%2Fwp%2Fv2%2Fcomments&post=1133"}],"version-history":[{"count":14,"href":"https:\/\/mhxdobrasilconcretos.com.br\/index.php?rest_route=\/wp\/v2\/pages\/1133\/revisions"}],"predecessor-version":[{"id":2189,"href":"https:\/\/mhxdobrasilconcretos.com.br\/index.php?rest_route=\/wp\/v2\/pages\/1133\/revisions\/2189"}],"wp:attachment":[{"href":"https:\/\/mhxdobrasilconcretos.com.br\/index.php?rest_route=%2Fwp%2Fv2%2Fmedia&parent=1133"}],"curies":[{"name":"wp","href":"https:\/\/api.w.org\/{rel}","templated":true}]}}